{"id":3,"date":"2019-01-19T16:42:32","date_gmt":"2019-01-19T15:42:32","guid":{"rendered":"http:\/\/fosser.de\/?page_id=3"},"modified":"2026-04-08T16:20:01","modified_gmt":"2026-04-08T14:20:01","slug":"datenschutz","status":"publish","type":"page","link":"https:\/\/fosser.de\/datenschutz\/","title":{"rendered":"Datenschutzerkl\u00e4rung"},"content":{"rendered":"<div>\n<h2>1. Datenschutz auf einen Blick<\/h2>\n<h3>Allgemeine Hinweise<\/h3>\n<p>Die folgenden Hinweise geben einen einfachen \u00dcberblick dar\u00fcber, was mit Ihren personenbezogenen Daten passiert, wenn Sie unsere Website besuchen. Personenbezogene Daten sind alle Daten, mit denen Sie pers\u00f6nlich identifiziert werden k\u00f6nnen. Ausf\u00fchrliche Informationen zum Thema Datenschutz entnehmen Sie unserer unter diesem Text aufgef\u00fchrten Datenschutzerkl\u00e4rung.<\/p>\n<h3>Datenerfassung auf unserer Website<\/h3>\n<p><strong>Wer ist verantwortlich f\u00fcr die Datenerfassung auf dieser Website?<\/strong><\/p>\n<p>Die Datenverarbeitung auf dieser Website erfolgt durch den Websitebetreiber. Dessen Kontaktdaten k\u00f6nnen Sie dem Impressum dieser Website entnehmen.<\/p>\n<p><strong>Wie erfassen wir Ihre Daten?<\/strong><\/p>\n<p>Ihre Daten werden zum einen dadurch erhoben, dass Sie uns diese mitteilen. Hierbei kann es sich z.B. um Daten handeln, die Sie in ein Kontaktformular eingeben.<\/p>\n<p>Andere Daten werden automatisch beim Besuch der Website durch unsere IT-Systeme erfasst. Das sind vor allem technische Daten (z.B. Internetbrowser, Betriebssystem oder Uhrzeit des Seitenaufrufs). Die Erfassung dieser Daten erfolgt automatisch, sobald Sie unsere Website betreten.<\/p>\n<p><strong>Wof\u00fcr nutzen wir Ihre Daten?<\/strong><\/p>\n<p>Ein Teil der Daten wird erhoben, um eine fehlerfreie Bereitstellung der Website zu gew\u00e4hrleisten. Andere Daten k\u00f6nnen zur Analyse Ihres Nutzerverhaltens verwendet werden.<\/p>\n<p><strong>Welche Rechte haben Sie bez\u00fcglich Ihrer Daten?<\/strong><\/p>\n<p>Sie haben jederzeit das Recht unentgeltlich Auskunft \u00fcber Herkunft, Empf\u00e4nger und Zweck Ihrer gespeicherten personenbezogenen Daten zu erhalten. Sie haben au\u00dferdem ein Recht, die Berichtigung, Sperrung oder L\u00f6schung dieser Daten zu verlangen. Hierzu sowie zu weiteren Fragen zum Thema Datenschutz k\u00f6nnen Sie sich jederzeit unter der im Impressum angegebenen Adresse an uns wenden. Des Weiteren steht Ihnen ein Beschwerderecht bei der zust\u00e4ndigen Aufsichtsbeh\u00f6rde zu.<\/p>\n<h3>Analyse-Tools und Tools von Drittanbietern<\/h3>\n<p>Beim Besuch unserer Website kann Ihr Surf-Verhalten statistisch ausgewertet werden. Das geschieht vor allem mit Cookies und mit sogenannten Analyseprogrammen. Die Analyse Ihres Surf-Verhaltens erfolgt in der Regel anonym; das Surf-Verhalten kann nicht zu Ihnen zur\u00fcckverfolgt werden.<\/p>\n<h2>2. Allgemeine Hinweise und Pflichtinformationen<\/h2>\n<h3>Datenschutz<\/h3>\n<p>Die Betreiber dieser Seiten nehmen den Schutz Ihrer pers\u00f6nlichen Daten sehr ernst. Wir behandeln Ihre personenbezogenen Daten vertraulich und entsprechend der gesetzlichen Datenschutzvorschriften sowie dieser Datenschutzerkl\u00e4rung.<\/p>\n<h3>Hinweis zur verantwortlichen Stelle<\/h3>\n<p><strong>Duran Lubricants &amp; Chemicals GmbH<\/strong><br \/>Rodderheide 3-7<br \/>33824 Werther (Westf.)<br \/>Deutschland<\/p>\n<p>Telefon: +49 5203 901510<br \/>E-Mail: info@duran-oil.com<\/p>\n<h3>Widerruf Ihrer Einwilligung zur Datenverarbeitung<\/h3>\n<p>Viele Datenverarbeitungsvorg\u00e4nge sind nur mit Ihrer ausdr\u00fccklichen Einwilligung m\u00f6glich. Sie k\u00f6nnen eine bereits erteilte Einwilligung jederzeit widerrufen.<\/p>\n<h3>Beschwerderecht bei der zust\u00e4ndigen Aufsichtsbeh\u00f6rde<\/h3>\n<p>Im Falle datenschutzrechtlicher Verst\u00f6\u00dfe steht Ihnen ein Beschwerderecht bei der zust\u00e4ndigen Aufsichtsbeh\u00f6rde zu.<\/p>\n<h3>Recht auf Daten\u00fcbertragbarkeit<\/h3>\n<p>Sie haben das Recht, Daten, die wir auf Grundlage Ihrer Einwilligung oder in Erf\u00fcllung eines Vertrags automatisiert verarbeiten, an sich oder an einen Dritten \u00fcbertragen zu lassen.<\/p>\n<h3>Auskunft, Sperrung, L\u00f6schung<\/h3>\n<p>Sie haben jederzeit das Recht auf Auskunft \u00fcber Ihre gespeicherten personenbezogenen Daten sowie auf Berichtigung oder L\u00f6schung dieser Daten.<\/p>\n<h2>3. Datenerfassung auf unserer Website<\/h2>\n<h3>Cookies<\/h3>\n<p>Unsere Internetseiten verwenden sogenannte Cookies. Cookies richten auf Ihrem Rechner keinen Schaden an und enthalten keine Viren.<\/p>\n<p>Cookies werden auf Grundlage Ihrer Einwilligung gem\u00e4\u00df<span>\u00a0<\/span><strong>Art. 6 Abs. 1 lit. a DSGVO sowie \u00a7 25 Abs. 1 TTDSG<\/strong><span>\u00a0<\/span>gesetzt.<\/p>\n<h3>Kontaktformular<\/h3>\n<p>Wenn Sie uns per Kontaktformular Anfragen zukommen lassen, werden Ihre Angaben aus dem Formular inklusive der von Ihnen angegebenen Kontaktdaten zwecks Bearbeitung der Anfrage gespeichert.<\/p>\n<p>Die Verarbeitung dieser Daten erfolgt ausschlie\u00dflich auf Grundlage Ihrer Einwilligung (<strong>Art. 6 Abs. 1 lit. a DSGVO<\/strong>).<\/p>\n<h2>4. Analyse Tools und Werbung<\/h2>\n<h3>Google Analytics<\/h3>\n<p>Diese Website nutzt Funktionen des Webanalysedienstes<span>\u00a0<\/span><strong>Google Analytics<\/strong>. Anbieter ist die<span>\u00a0<\/span><strong>Google Ireland Limited<\/strong>, Gordon House, Barrow Street, Dublin 4, Irland.<\/p>\n<p>Google Analytics erm\u00f6glicht es dem Websitebetreiber, das Verhalten der Websitebesucher zu analysieren. Dabei erh\u00e4lt der Websitebetreiber verschiedene Nutzungsdaten, wie z. B. Seitenaufrufe, Verweildauer, verwendete Betriebssysteme und Herkunft des Nutzers.<\/p>\n<p>Die Nutzung dieses Dienstes erfolgt ausschlie\u00dflich auf Grundlage Ihrer Einwilligung gem\u00e4\u00df<span>\u00a0<\/span><strong>Art. 6 Abs. 1 lit. a DSGVO sowie \u00a7 25 Abs. 1 TTDSG<\/strong>.<\/p>\n<p>Google Analytics verwendet sogenannte Cookies, die eine Analyse der Benutzung der Website erm\u00f6glichen.<\/p>\n<h3>IP-Anonymisierung<\/h3>\n<p>Wir haben auf dieser Website die Funktion<span>\u00a0<\/span><strong>IP-Anonymisierung<\/strong><span>\u00a0<\/span>aktiviert. Dadurch wird Ihre IP-Adresse von Google innerhalb der Europ\u00e4ischen Union oder des Europ\u00e4ischen Wirtschaftsraums vor der \u00dcbermittlung gek\u00fcrzt.<\/p>\n<h3>Daten\u00fcbertragung<\/h3>\n<p>Die Daten\u00fcbertragung in die USA erfolgt auf Grundlage des<span>\u00a0<\/span><strong>EU-US Data Privacy Framework<\/strong>, nach dem Google zertifiziert ist.<\/p>\n<p>Weitere Informationen finden Sie hier:<br \/><a href=\"https:\/\/policies.google.com\/privacy\" target=\"_blank\" rel=\"noopener\">https:\/\/policies.google.com\/privacy<\/a><\/p>\n<\/div>\n<p><!--more--><br \/>\n<!-- {\"type\":\"layout\",\"children\":[{\"type\":\"section\",\"props\":{\"image_position\":\"center-center\",\"style\":\"default\",\"title_breakpoint\":\"xl\",\"title_position\":\"top-left\",\"title_rotation\":\"left\",\"vertical_align\":\"middle\",\"width\":\"default\"},\"children\":[{\"type\":\"row\",\"children\":[{\"type\":\"column\",\"props\":{\"image_position\":\"center-center\",\"position_sticky_breakpoint\":\"m\"},\"children\":[{\"type\":\"text\",\"props\":{\"column_breakpoint\":\"m\",\"content\":\"\n\n<h2>1. Datenschutz auf einen Blick<\\\/h2>\\n\n\n<h3>Allgemeine Hinweise<\\\/h3>\\n\n\n<p>Die folgenden Hinweise geben einen einfachen \\u00dcberblick dar\\u00fcber, was mit Ihren personenbezogenen Daten passiert, wenn Sie unsere Website besuchen. Personenbezogene Daten sind alle Daten, mit denen Sie pers\\u00f6nlich identifiziert werden k\\u00f6nnen. Ausf\\u00fchrliche Informationen zum Thema Datenschutz entnehmen Sie unserer unter diesem Text aufgef\\u00fchrten Datenschutzerkl\\u00e4rung.<\\\/p>\\n\n\n<h3>Datenerfassung auf unserer Website<\\\/h3>\\n\n\n<p><strong>Wer ist verantwortlich f\\u00fcr die Datenerfassung auf dieser Website?<\\\/strong><\\\/p>\\n\n\n<p>Die Datenverarbeitung auf dieser Website erfolgt durch den Websitebetreiber. Dessen Kontaktdaten k\\u00f6nnen Sie dem Impressum dieser Website entnehmen.<\\\/p>\\n\n\n<p><strong>Wie erfassen wir Ihre Daten?<\\\/strong><\\\/p>\\n\n\n<p>Ihre Daten werden zum einen dadurch erhoben, dass Sie uns diese mitteilen. Hierbei kann es sich z.B. um Daten handeln, die Sie in ein Kontaktformular eingeben.<\\\/p>\\n\n\n<p>Andere Daten werden automatisch beim Besuch der Website durch unsere IT-Systeme erfasst. Das sind vor allem technische Daten (z.B. Internetbrowser, Betriebssystem oder Uhrzeit des Seitenaufrufs). Die Erfassung dieser Daten erfolgt automatisch, sobald Sie unsere Website betreten.<\\\/p>\\n\n\n<p><strong>Wof\\u00fcr nutzen wir Ihre Daten?<\\\/strong><\\\/p>\\n\n\n<p>Ein Teil der Daten wird erhoben, um eine fehlerfreie Bereitstellung der Website zu gew\\u00e4hrleisten. Andere Daten k\\u00f6nnen zur Analyse Ihres Nutzerverhaltens verwendet werden.<\\\/p>\\n\n\n<p><strong>Welche Rechte haben Sie bez\\u00fcglich Ihrer Daten?<\\\/strong><\\\/p>\\n\n\n<p>Sie haben jederzeit das Recht unentgeltlich Auskunft \\u00fcber Herkunft, Empf\\u00e4nger und Zweck Ihrer gespeicherten personenbezogenen Daten zu erhalten. Sie haben au\\u00dferdem ein Recht, die Berichtigung, Sperrung oder L\\u00f6schung dieser Daten zu verlangen. Hierzu sowie zu weiteren Fragen zum Thema Datenschutz k\\u00f6nnen Sie sich jederzeit unter der im Impressum angegebenen Adresse an uns wenden. Des Weiteren steht Ihnen ein Beschwerderecht bei der zust\\u00e4ndigen Aufsichtsbeh\\u00f6rde zu.<\\\/p>\\n\n\n<h3>Analyse-Tools und Tools von Drittanbietern<\\\/h3>\\n\n\n<p>Beim Besuch unserer Website kann Ihr Surf-Verhalten statistisch ausgewertet werden. Das geschieht vor allem mit Cookies und mit sogenannten Analyseprogrammen. Die Analyse Ihres Surf-Verhaltens erfolgt in der Regel anonym; das Surf-Verhalten kann nicht zu Ihnen zur\\u00fcckverfolgt werden.<\\\/p>\\n\n\n<h2>2. Allgemeine Hinweise und Pflichtinformationen<\\\/h2>\\n\n\n<h3>Datenschutz<\\\/h3>\\n\n\n<p>Die Betreiber dieser Seiten nehmen den Schutz Ihrer pers\\u00f6nlichen Daten sehr ernst. Wir behandeln Ihre personenbezogenen Daten vertraulich und entsprechend der gesetzlichen Datenschutzvorschriften sowie dieser Datenschutzerkl\\u00e4rung.<\\\/p>\\n\n\n<h3>Hinweis zur verantwortlichen Stelle<\\\/h3>\\n\n\n<p><strong>Duran Lubricants &amp; Chemicals GmbH<\\\/strong><br \\\/>Rodderheide 3-7<br \\\/>33824 Werther (Westf.)<br \\\/>Deutschland<\\\/p>\\n\n\n<p>Telefon: +49 5203 901510<br \\\/>E-Mail: info@duran-oil.com<\\\/p>\\n\n\n<h3>Widerruf Ihrer Einwilligung zur Datenverarbeitung<\\\/h3>\\n\n\n<p>Viele Datenverarbeitungsvorg\\u00e4nge sind nur mit Ihrer ausdr\\u00fccklichen Einwilligung m\\u00f6glich. Sie k\\u00f6nnen eine bereits erteilte Einwilligung jederzeit widerrufen.<\\\/p>\\n\n\n<h3>Beschwerderecht bei der zust\\u00e4ndigen Aufsichtsbeh\\u00f6rde<\\\/h3>\\n\n\n<p>Im Falle datenschutzrechtlicher Verst\\u00f6\\u00dfe steht Ihnen ein Beschwerderecht bei der zust\\u00e4ndigen Aufsichtsbeh\\u00f6rde zu.<\\\/p>\\n\n\n<h3>Recht auf Daten\\u00fcbertragbarkeit<\\\/h3>\\n\n\n<p>Sie haben das Recht, Daten, die wir auf Grundlage Ihrer Einwilligung oder in Erf\\u00fcllung eines Vertrags automatisiert verarbeiten, an sich oder an einen Dritten \\u00fcbertragen zu lassen.<\\\/p>\\n\n\n<h3>Auskunft, Sperrung, L\\u00f6schung<\\\/h3>\\n\n\n<p>Sie haben jederzeit das Recht auf Auskunft \\u00fcber Ihre gespeicherten personenbezogenen Daten sowie auf Berichtigung oder L\\u00f6schung dieser Daten.<\\\/p>\\n\n\n<h2>3. Datenerfassung auf unserer Website<\\\/h2>\\n\n\n<h3>Cookies<\\\/h3>\\n\n\n<p>Unsere Internetseiten verwenden sogenannte Cookies. Cookies richten auf Ihrem Rechner keinen Schaden an und enthalten keine Viren.<\\\/p>\\n\n\n<p>Cookies werden auf Grundlage Ihrer Einwilligung gem\\u00e4\\u00df<span>\\u00a0<\\\/span><strong>Art. 6 Abs. 1 lit. a DSGVO sowie \\u00a7 25 Abs. 1 TTDSG<\\\/strong><span>\\u00a0<\\\/span>gesetzt.<\\\/p>\\n\n\n<h3>Kontaktformular<\\\/h3>\\n\n\n<p>Wenn Sie uns per Kontaktformular Anfragen zukommen lassen, werden Ihre Angaben aus dem Formular inklusive der von Ihnen angegebenen Kontaktdaten zwecks Bearbeitung der Anfrage gespeichert.<\\\/p>\\n\n\n<p>Die Verarbeitung dieser Daten erfolgt ausschlie\\u00dflich auf Grundlage Ihrer Einwilligung (<strong>Art. 6 Abs. 1 lit. a DSGVO<\\\/strong>).<\\\/p>\\n\n\n<h2>4. Analyse Tools und Werbung<\\\/h2>\\n\n\n<h3>Google Analytics<\\\/h3>\\n\n\n<p>Diese Website nutzt Funktionen des Webanalysedienstes<span>\\u00a0<\\\/span><strong>Google Analytics<\\\/strong>. Anbieter ist die<span>\\u00a0<\\\/span><strong>Google Ireland Limited<\\\/strong>, Gordon House, Barrow Street, Dublin 4, Irland.<\\\/p>\\n\n\n<p>Google Analytics erm\\u00f6glicht es dem Websitebetreiber, das Verhalten der Websitebesucher zu analysieren. Dabei erh\\u00e4lt der Websitebetreiber verschiedene Nutzungsdaten, wie z. B. Seitenaufrufe, Verweildauer, verwendete Betriebssysteme und Herkunft des Nutzers.<\\\/p>\\n\n\n<p>Die Nutzung dieses Dienstes erfolgt ausschlie\\u00dflich auf Grundlage Ihrer Einwilligung gem\\u00e4\\u00df<span>\\u00a0<\\\/span><strong>Art. 6 Abs. 1 lit. a DSGVO sowie \\u00a7 25 Abs. 1 TTDSG<\\\/strong>.<\\\/p>\\n\n\n<p>Google Analytics verwendet sogenannte Cookies, die eine Analyse der Benutzung der Website erm\\u00f6glichen.<\\\/p>\\n\n\n<h3>IP-Anonymisierung<\\\/h3>\\n\n\n<p>Wir haben auf dieser Website die Funktion<span>\\u00a0<\\\/span><strong>IP-Anonymisierung<\\\/strong><span>\\u00a0<\\\/span>aktiviert. Dadurch wird Ihre IP-Adresse von Google innerhalb der Europ\\u00e4ischen Union oder des Europ\\u00e4ischen Wirtschaftsraums vor der \\u00dcbermittlung gek\\u00fcrzt.<\\\/p>\\n\n\n<h3>Daten\\u00fcbertragung<\\\/h3>\\n\n\n<p>Die Daten\\u00fcbertragung in die USA erfolgt auf Grundlage des<span>\\u00a0<\\\/span><strong>EU-US Data Privacy Framework<\\\/strong>, nach dem Google zertifiziert ist.<\\\/p>\\n\n\n<p>Weitere Informationen finden Sie hier:<br \\\/><a href=\\\"https:\\\/\\\/policies.google.com\\\/privacy\\\" target=\\\"_blank\\\" rel=\\\"noopener\\\">https:\\\/\\\/policies.google.com\\\/privacy<\\\/a><\\\/p>\",\"margin\":\"default\"}}]}]}]}],\"version\":\"4.3.5\"} --><\/p>\n","protected":false},"excerpt":{"rendered":"<p>1. Datenschutz auf einen Blick Allgemeine Hinweise Die folgenden Hinweise geben einen einfachen \u00dcberblick dar\u00fcber, was mit Ihren personenbezogenen Daten passiert, wenn Sie unsere Website besuchen. Personenbezogene Daten sind alle Daten, mit denen Sie pers\u00f6nlich identifiziert werden k\u00f6nnen. Ausf\u00fchrliche Informationen zum Thema Datenschutz entnehmen Sie unserer unter diesem Text aufgef\u00fchrten Datenschutzerkl\u00e4rung. Datenerfassung auf unserer Website Wer ist verantwortlich f\u00fcr die Datenerfassung auf dieser Website? Die Datenverarbeitung auf dieser Website erfolgt durch den Websitebetreiber. Dessen Kontaktdaten [&hellip;]<\/p>\n","protected":false},"author":10,"featured_media":1830,"parent":0,"menu_order":0,"comment_status":"closed","ping_status":"closed","template":"","meta":{"_monsterinsights_skip_tracking":false,"_monsterinsights_sitenote_active":false,"_monsterinsights_sitenote_note":"","_monsterinsights_sitenote_category":0,"footnotes":""},"class_list":["post-3","page","type-page","status-publish","has-post-thumbnail","hentry"],"aioseo_notices":[],"_links":{"self":[{"href":"https:\/\/fosser.de\/en\/wp-json\/wp\/v2\/pages\/3","targetHints":{"allow":["GET"]}}],"collection":[{"href":"https:\/\/fosser.de\/en\/wp-json\/wp\/v2\/pages"}],"about":[{"href":"https:\/\/fosser.de\/en\/wp-json\/wp\/v2\/types\/page"}],"author":[{"embeddable":true,"href":"https:\/\/fosser.de\/en\/wp-json\/wp\/v2\/users\/10"}],"replies":[{"embeddable":true,"href":"https:\/\/fosser.de\/en\/wp-json\/wp\/v2\/comments?post=3"}],"version-history":[{"count":25,"href":"https:\/\/fosser.de\/en\/wp-json\/wp\/v2\/pages\/3\/revisions"}],"predecessor-version":[{"id":8745,"href":"https:\/\/fosser.de\/en\/wp-json\/wp\/v2\/pages\/3\/revisions\/8745"}],"wp:featuredmedia":[{"embeddable":true,"href":"https:\/\/fosser.de\/en\/wp-json\/wp\/v2\/media\/1830"}],"wp:attachment":[{"href":"https:\/\/fosser.de\/en\/wp-json\/wp\/v2\/media?parent=3"}],"curies":[{"name":"wp","href":"https:\/\/api.w.org\/{rel}","templated":true}]}}