{"id":4699,"date":"2020-10-20T10:10:19","date_gmt":"2020-10-20T08:10:19","guid":{"rendered":"https:\/\/fosser-single.mediafish.es\/product\/fosser-oat-p-formula-2\/"},"modified":"2026-01-05T02:55:07","modified_gmt":"2026-01-05T01:55:07","slug":"fosser-oat-p-formula-2","status":"publish","type":"product","link":"https:\/\/fosser.de\/en\/product\/fosser-oat-p-formula-2\/","title":{"rendered":"FOSSER OAT P-Formula"},"content":{"rendered":"\n<h3 class=\"wp-block-heading\">Eigenschaften<\/h3>\n\n\n<p><strong>FOSSER OAT P-Formula <\/strong>ist ein auf Ethylenglykol basiertes K\u00fchlmittel, das moderne Phosphatinhibitortechnologie enth\u00e4lt und von einem robusten organischen R\u00fcckgrat (P-OAT \u201ePhosphated Organic Additive Technology\u201c) unterst\u00fctzt wird. Ohne sch\u00e4dliche Zus\u00e4tze wie Nitrit, Borate und Amine tr\u00e4gt das K\u00fchlmittel auch noch zu einer sicheren Umgebung bei.<strong> FOSSER OAT P-Formula <\/strong>ist frei von Silikaten, wodurch jedes m\u00f6gliche Problem \u2013 verursacht von instabilem Silikatgel oder Silikatausfall \u2013 ausgeschlossen wird.<strong> FOSSER OAT P-Formula <\/strong>bietet einen hervorragenden Kavitions-, sowie einen ganzj\u00e4hrigen Frost- und Korrosionsschutz f\u00fcr einwandfreien Betrieb. Das K\u00fchlmittel hat keinen negativen Einflu\u00df auf K\u00fchlmittelschl\u00e4uche oder Zylinderkopfdichtungen.\u00a0<\/p>\n\n\n<p><\/p>\n\n\n\n<h3 class=\"wp-block-heading\">Einsatzhinweise<\/h3>\n\n\n\n<p><strong>FOSSER OAT P-Formula <\/strong>&#8211; vermischt mit der entsprechenden Menge (dest.) Wasser- wird eingesetzt als K\u00fchl- und W\u00e4rme\u00fcbertragungsfl\u00fcssigkeit in modernen Verbrennungsmotoren, ohne Einschr\u00e4nkung ob Motoren aus Gusseisen, Aluminium oder aus der Kombination von beiden Metallen. Eine Einsatzkonzentration von 50 Vol. % wird ganzj\u00e4hrig empfohlen.<\/p>\n\n\n\n<p><strong>Achtung: Herstellervorschriften beachten.<\/strong><br><\/p>\n\n\n\n<ul class=\"wp-block-list\">\n<li><strong>Spezifikationen:<\/strong> \u2022ASTM D3306, D6210 \u2022 JIS K 2234-2006 Klasse II<\/li>\n\n\n\n<li><strong>Empfehlung*:<\/strong> Bobcat, Daewoo, Daihatsu, Datsun, Fuso, Hino, Honda, Hyundai, Infinity, Kia<\/li>\n<\/ul>\n\n\n\n<figure class=\"wp-block-table\"><table><tbody><tr><td><strong>TYPISCHE KENNWERTE<\/strong><\/td><td><strong>METHODEN<\/strong><\/td><td><strong>EINHEITEN<\/strong><\/td><td><strong>FOSSER<\/strong><strong><\/strong><strong> OAT P-Formula<\/strong><\/td><\/tr><tr><td>Dichte bei 20\u00b0C<\/td><td>ASTM D 1122<\/td><td>g\/cm3<\/td><td>1,119<\/td><\/tr><tr><td>Reservealkalit\u00e4t (pH 5,5)<\/td><td>ASTM D 1121<\/td><td>ml 0,1 n HCL<\/td><td>8,9<\/td><\/tr><tr><td>Siedepunkt<\/td><td>ASTM D 1120<\/td><td>\u00b0C<\/td><td>178<\/td><\/tr><tr><td>pH-Wert<\/td><td>ASTM D 1287<\/td><td>&#8211;<\/td><td>8,4<\/td><\/tr><tr><td>Gefrierschutz bei 50 Vol.%<\/td><td>ASTM D 1177<\/td><td>\u00b0C<\/td><td>&#8211; 36<\/td><\/tr><tr><td>Farbe<\/td><td>&#8211;<\/td><td>&#8211;<\/td><td>blau-gr\u00fcn<\/td><\/tr><\/tbody><\/table><\/figure>\n\n\n\n<p class=\"product-hint\">* entspricht den Anforderungen des OEM-Herstellers.<br>Die angegebenen Werte k\u00f6nnen im handels\u00fcblichen Rahmen schwanken.\u00a0\u00a0\u00a0\u00a0\u00a0\u00a0\u00a0\u00a0\u00a0\u00a0\u00a0\u00a0\u00a0\u00a0\u00a0\u00a0\u00a0\u00a0\u00a0\u00a0\u00a0\u00a0\u00a0\u00a0\u00a0\u00a0\u00a0\u00a0\u00a0<\/p>\n","protected":false},"excerpt":{"rendered":"<p>Eigenschaften FOSSER OAT P-Formula ist ein auf Ethylenglykol basiertes K\u00fchlmittel, das moderne Phosphatinhibitortechnologie enth\u00e4lt und von einem robusten organischen R\u00fcckgrat (P-OAT \u201ePhosphated Organic Additive Technology\u201c) unterst\u00fctzt wird. Ohne sch\u00e4dliche Zus\u00e4tze wie Nitrit, Borate und Amine tr\u00e4gt das K\u00fchlmittel auch noch zu einer sicheren Umgebung bei. FOSSER OAT P-Formula ist frei von Silikaten, wodurch jedes m\u00f6gliche Problem \u2013 verursacht von instabilem Silikatgel oder Silikatausfall \u2013 ausgeschlossen wird. FOSSER OAT P-Formula bietet einen hervorragenden Kavitions-, sowie einen [&hellip;]<\/p>\n","protected":false},"featured_media":1830,"comment_status":"closed","ping_status":"closed","template":"","meta":{"om_disable_all_campaigns":false,"_monsterinsights_skip_tracking":false,"_monsterinsights_sitenote_active":false,"_monsterinsights_sitenote_note":"","_monsterinsights_sitenote_category":0,"_uf_show_specific_survey":0,"_uf_disable_surveys":false},"tags":[],"product-category":[32],"class_list":["post-4699","product","type-product","status-publish","has-post-thumbnail","hentry","product-category-antifreeze"],"aioseo_notices":[],"_links":{"self":[{"href":"https:\/\/fosser.de\/en\/wp-json\/wp\/v2\/products\/4699","targetHints":{"allow":["GET"]}}],"collection":[{"href":"https:\/\/fosser.de\/en\/wp-json\/wp\/v2\/products"}],"about":[{"href":"https:\/\/fosser.de\/en\/wp-json\/wp\/v2\/types\/product"}],"replies":[{"embeddable":true,"href":"https:\/\/fosser.de\/en\/wp-json\/wp\/v2\/comments?post=4699"}],"wp:featuredmedia":[{"embeddable":true,"href":"https:\/\/fosser.de\/en\/wp-json\/wp\/v2\/media\/1830"}],"wp:attachment":[{"href":"https:\/\/fosser.de\/en\/wp-json\/wp\/v2\/media?parent=4699"}],"wp:term":[{"taxonomy":"post_tag","embeddable":true,"href":"https:\/\/fosser.de\/en\/wp-json\/wp\/v2\/tags?post=4699"},{"taxonomy":"product-category","embeddable":true,"href":"https:\/\/fosser.de\/en\/wp-json\/wp\/v2\/product-category?post=4699"}],"curies":[{"name":"wp","href":"https:\/\/api.w.org\/{rel}","templated":true}]}}