{"id":6659,"date":"2024-09-04T12:03:46","date_gmt":"2024-09-04T10:03:46","guid":{"rendered":"https:\/\/fosser.de\/kompaniya\/blog\/rgs-in-bielstein\/"},"modified":"2026-02-09T09:33:33","modified_gmt":"2026-02-09T08:33:33","slug":"rgs-in-bielstein","status":"publish","type":"page","link":"https:\/\/fosser.de\/ru\/kompaniya\/blog\/blog-2\/rgs-in-bielstein\/","title":{"rendered":"MX Masters in Bielstein"},"content":{"rendered":"<div>\n<p>        <img decoding=\"async\" src=\"\/wp-content\/uploads\/2024\/09\/1P8A0376-scaled.jpg\" alt=\"\"><\/p>\n<\/div>\n<h1>\n<p>ADAC MX Masters 2024 in Bielstein<\/p>\n<\/h1>\n<div>\n<p>Ein weiteres spannend durchwachsenes Wochenende f\u00fcr das RGS MX Team.<\/p>\n<\/div>\n<div>\n<p>        <img decoding=\"async\" src=\"\/wp-content\/themes\/yootheme\/packages\/theme\/assets\/images\/element-image-placeholder.png\" alt=\"\"><\/p>\n<div>By Alex<\/div>\n<p><time datetime=\"2019-09-11T11:04:16+00:00\">11 September 2019, 11:09 am<\/time><\/p>\n<\/div>\n<div>\n<div>von FOSSER Worldwide<\/div>\n<\/div>\n<div>\n<p><time datetime=\"2019-09-11T11:04:16+00:00\">26 Juni 2024<\/time><\/p>\n<\/div>\n<div>\n<p>Wir von FOSSER m\u00f6chten euch spannende Neuigkeiten vom vierten Rennen der ADAC MX Masters Serie 2024 berichten, bei dem das von uns gesponserte RGS Racing Team auf dem legend\u00e4ren Bielsteiner Waldkurs antrat. Das Wochenende bot alles, was das Motorsportherz begehrt: spannende Rennen, packende Duelle und eine beeindruckende Atmosph\u00e4re, trotz wechselhaften Wetters am Samstagvormittag. Die Herausforderungen des anspruchsvollen Kurses konnten dem Teamgeist und der Motivation der Fahrer nichts anhaben, und sie zeigten eindrucksvoll, dass sie zu den Besten geh\u00f6ren.<\/p>\n<h2><strong>Spannende Rennen und starke Performance: Samuel Flink im MX Masters<\/strong><\/h2>\n<p>Samuel Flink hatte an diesem Wochenende einige H\u00fcrden zu \u00fcberwinden. Im Qualifying hatte er Schwierigkeiten, seine perfekte Runde zu finden, was ihm einen Platz im Last-Chance-Rennen (LCQ) einbrachte. Doch Samuel zeigte Kampfgeist und nutzte den hervorragenden Grip seiner Gibson-Reifen, um einen beeindruckenden Holeshot hinzulegen und sich souver\u00e4n den zweiten Platz zu sichern. In den Hauptrennen zeigte er eine konstante Leistungssteigerung und beendete die Rennen auf den Pl\u00e4tzen 35, 33 und 35. Ein solides Ergebnis, das zeigt, dass Samuel weiterhin hart arbeitet und entschlossen ist, in den kommenden Rennen noch st\u00e4rker aufzutreten.<\/p>\n<h2><strong>Durchwachsenes Wochenende f\u00fcr Linus Persson im MX Youngster Cup<\/strong><\/h2>\n<p>F\u00fcr Linus Persson verlief das Wochenende auf dem Bielsteiner Waldkurs nicht wie erhofft. Bereits im Qualifying zeichnete sich ab, dass er Schwierigkeiten hatte, sich mit der Strecke anzufreunden, und er startete von Platz 25 ins Rennen. In den anschlie\u00dfenden L\u00e4ufen konnte er sich leider nicht in den Punkter\u00e4ngen platzieren und belegte die Pl\u00e4tze 23, 39 und 24. Linus bleibt jedoch zuversichtlich und motiviert, seine Leistung in den n\u00e4chsten Rennen zu steigern und seine St\u00e4rken beim n\u00e4chsten Event in Tensfeld zu zeigen.<\/p>\n<blockquote class=\"uk-margin-large uk-width-4-5@s uk-margin-auto uk-text-center\"><p>&#171;Wir sind jedoch zuversichtlich, dass er in Tensfeld seine St\u00e4rken wieder zeigen wird.&#187;<\/p>\n<footer>Roland Giger, Teamchef<\/footer>\n<\/blockquote>\n<h2>Junior Bal k\u00e4mpf sich zur\u00fcck in die Form<\/h2>\n<p>Junior Bal, der nach einer Verletzung noch mit Trainingsr\u00fcckstand zu k\u00e4mpfen hatte, zeigte trotz dieser Herausforderung eine solide Leistung. Mit einem vorsichtigen Start im Qualifying sicherte er sich Startplatz 32. Im ersten Rennen des Wochenendes zeigte Junior eine starke Leistung und belegte Platz 17, was ihm wertvolle Meisterschaftspunkte einbrachte. Die weiteren Rennen am Sonntag verliefen nicht ganz wie erhofft, doch mit den Pl\u00e4tzen 24 und 23 zeigte er erneut seinen Kampfgeist. Sein Gesamtrang 21 ist ein positiver Einstand, und er hat bereits die Top 10 f\u00fcr das n\u00e4chste Rennen in Tensfeld im Visier.<\/p>\n<h2><strong>Milo Br\u00e4nnstr\u00f6m: Ein beeindruckendes Comeback im MX Junior Cup 85<\/strong><\/h2>\n<p>Besonders erfreulich war das Comeback von Milo Br\u00e4nnstr\u00f6m im MX Junior Cup 85. Nach einer l\u00e4ngeren Verletzungspause kehrte er stark zur\u00fcck und sicherte sich im Qualifying den 15. Platz. Das erste Rennen verlief aufgrund eines schlechten Starts nicht optimal, doch Milo k\u00e4mpfte sich entschlossen bis auf Platz 26 vor. In den Rennen am Sonntag zeigte er dann, dass er auf dem Weg zur\u00fcck zu alter St\u00e4rke ist, und belegte solide 16. Pl\u00e4tze in beiden L\u00e4ufen. Besonders stolz sind wir darauf, dass Milo Schweden bei der Junioren MX Weltmeisterschaft vertreten wird \u2013 ein gro\u00dfartiger Erfolg f\u00fcr ihn und das gesamte Team!<\/p>\n<h2><strong>Dank an alle Beteiligten und Ausblick auf die n\u00e4chsten Rennen<\/strong><\/h2>\n<p>Wir von FOSSER sind stolz, das RGS Racing Team als Sponsor zu unterst\u00fctzen. Die engagierte Arbeit des Veranstalters und die fantastische Unterst\u00fctzung der Fans haben ma\u00dfgeblich zu diesem erfolgreichen Event beigetragen. Wir freuen uns darauf, die gesammelten Erfahrungen in den kommenden Rennen umzusetzen und das RGS Racing Team weiterhin auf ihrem Weg zu unterst\u00fctzen.<\/p>\n<\/p>\n<p>Vielen Dank an alle unsere Partner, Fans und Unterst\u00fctzer f\u00fcr ihre kontinuierliche Unterst\u00fctzung. Gemeinsam blicken wir voller Vorfreude auf die n\u00e4chsten Herausforderungen und Erfolge!<\/p>\n<\/div>\n<h2>Mehr Artikel<\/h2>\n<ul>\n<li>\n<p><img decoding=\"async\" src=\"\/wp-content\/uploads\/2024\/08\/20240819_062829763_iOS-scaled.jpg\" alt=\"\"><\/p>\n<h3>Erfolgreiches Wochenende f\u00fcr das Team Plate<\/h3>\n<p>11 August, 2024<\/p>\n<div>\n<p><span>Unsere gesponserten Fahrer, Sven und Stefan Plate, zeigten mit ihren Opel Kadett GTE herausragende Leistungen und stellten ihr fahrerisches K\u00f6nnen eindrucksvoll unter Beweis.<\/span><\/p>\n<\/div>\n<p><a href=\"https:\/\/fosser.de\/ru\/kompaniya\/blog\/plate-in-ruethen\/\"><\/a><\/p>\n<\/li>\n<li>\n<p><img decoding=\"async\" src=\"\/wp-content\/uploads\/2024\/09\/fosser_fb_post-053.jpg\" alt=\"\"><\/p>\n<h3>Neues Teammitglied bei FOSSER: Willkommen, Kinzel Motorsport!<\/h3>\n<p>22 Juli, 2024<\/p>\n<div>\n<p><span>Manchmal passiert es einfach, dass zwei zusammenfinden, die perfekt zueinander passen \u2013 und genau das ist uns mit Kinzel Motorsport gelungen.<\/span><\/p>\n<\/div>\n<p><a href=\"https:\/\/fosser.de\/ru\/kompaniya\/blog\/willkommen-kinzel\/\"><\/a><\/p>\n<\/li>\n<li>\n<p><img decoding=\"async\" src=\"\/wp-content\/uploads\/2024\/08\/1P8A1578-scaled.jpg\" alt=\"\"><\/p>\n<h3>ADAC MX Masters 2024 in Gaildorf<\/h3>\n<p>7 August, 2024<\/p>\n<div>\n<p>RGS Racing Team zeigte beeindruckende Leistung beim dem sechsten Lauf der ADAC MX Masters Serie 2024 in Gaildorf.\u00a0<\/p>\n<\/div>\n<p><a href=\"https:\/\/fosser.de\/ru\/kompaniya\/blog\/mx-masters-in-gaildorf\/\"><\/a><\/p>\n<\/li>\n<\/ul>\n<p><!--more--><br \/>\n<!-- {\"type\":\"layout\",\"children\":[{\"type\":\"section\",\"props\":{\"html_element\":\"article\",\"image_effect\":\"parallax\",\"image_height\":\"220\",\"image_parallax_bgy\":\"200,0\",\"image_parallax_easing\":\"1\",\"image_position\":\"bottom-right\",\"media_visibility\":\"m\",\"padding\":\"large\",\"padding_remove_top\":true,\"style\":\"default\",\"title_breakpoint\":\"xl\",\"title_position\":\"top-left\",\"title_rotation\":\"left\",\"vertical_align\":\"\",\"width\":\"\"},\"children\":[{\"type\":\"row\",\"children\":[{\"type\":\"column\",\"props\":{\"image_position\":\"center-center\",\"position_sticky_breakpoint\":\"m\"},\"children\":[{\"type\":\"overlay\",\"props\":{\"image\":\"wp-content\\\/uploads\\\/2024\\\/09\\\/1P8A0376-scaled.jpg\",\"image_height\":790,\"image_loading\":true,\"image_min_height\":\"350\",\"image_width\":\"1400\",\"link_style\":\"default\",\"link_text\":\"Read more\",\"margin\":\"default\",\"meta_align\":\"below-title\",\"meta_element\":\"div\",\"meta_style\":\"text-meta\",\"overlay_hover\":false,\"overlay_mode\":\"cover\",\"overlay_position\":\"center\",\"overlay_style\":\"\",\"overlay_transition\":\"fade\",\"text_align\":\"center\",\"text_color\":\"light\",\"title_element\":\"h3\",\"title_hover_style\":\"reset\"}}]}]},{\"type\":\"row\",\"props\":{\"margin\":\"small\",\"width\":\"xsmall\"},\"children\":[{\"type\":\"column\",\"props\":{\"image_position\":\"center-center\",\"position_sticky_breakpoint\":\"m\"},\"children\":[{\"type\":\"text\",\"props\":{\"column_breakpoint\":\"m\",\"content\":\"\",\"margin\":\"default\",\"text_style\":\"small\"}}]}]},{\"type\":\"row\",\"props\":{\"margin\":\"large\",\"margin_remove_bottom\":true,\"width\":\"xsmall\"},\"children\":[{\"type\":\"column\",\"props\":{\"image_position\":\"center-center\",\"position_sticky_breakpoint\":\"m\"},\"children\":[{\"type\":\"headline\",\"props\":{\"content\":\"\n\n<p>ADAC MX Masters 2024 in Bielstein<\\\/p>\",\"margin\":\"default\",\"margin_remove_bottom\":false,\"title_element\":\"h1\"}},{\"type\":\"text\",\"props\":{\"column_breakpoint\":\"m\",\"content\":\"\n\n<p>Ein weiteres spannend durchwachsenes Wochenende f\\u00fcr das RGS MX Team.<\\\/p>\",\"margin\":\"medium\",\"margin_remove_top\":true,\"text_style\":\"lead\"}},{\"type\":\"divider\",\"props\":{\"divider_element\":\"div\"}}]}]},{\"type\":\"row\",\"props\":{\"column_gap\":\"small\",\"layout\":\"expand,large\",\"margin\":\"default\",\"row_gap\":\"small\",\"width\":\"xsmall\"},\"children\":[{\"type\":\"column\",\"props\":{\"image_position\":\"center-center\",\"position_sticky_breakpoint\":\"m\",\"width_small\":\"auto\"},\"children\":[{\"type\":\"panel\",\"props\":{\"content_column_breakpoint\":\"m\",\"icon_width\":80,\"image\":\"wp-content\\\/themes\\\/yootheme\\\/packages\\\/theme\\\/assets\\\/images\\\/element-image-placeholder.png\",\"image_align\":\"left\",\"image_border\":\"circle\",\"image_grid_breakpoint\":\"\",\"image_grid_column_gap\":\"small\",\"image_grid_width\":\"auto\",\"image_svg_color\":\"emphasis\",\"image_vertical_align\":true,\"image_width\":\"35\",\"link_style\":\"default\",\"link_text\":\"Read more\",\"margin\":\"remove-vertical\",\"meta\":\"<time datetime=\\\"2019-09-11T11:04:16+00:00\\\">11 September 2019, 11:09 am<\\\/time>\",\"meta_align\":\"below-title\",\"meta_element\":\"div\",\"meta_margin\":\"remove\",\"meta_style\":\"text-meta\",\"title\":\"By Alex\",\"title_align\":\"top\",\"title_element\":\"div\",\"title_grid_breakpoint\":\"m\",\"title_grid_width\":\"1-2\",\"title_hover_style\":\"reset\",\"title_style\":\"h6\",\"visibility\":\"hidden-s\"}},{\"type\":\"panel\",\"props\":{\"content_column_breakpoint\":\"m\",\"icon_width\":80,\"image\":\"\",\"image_align\":\"left\",\"image_border\":\"circle\",\"image_grid_breakpoint\":\"\",\"image_grid_column_gap\":\"small\",\"image_grid_width\":\"auto\",\"image_svg_color\":\"emphasis\",\"image_vertical_align\":true,\"image_width\":\"35\",\"link_style\":\"default\",\"link_text\":\"\",\"margin\":\"remove-vertical\",\"meta_align\":\"below-title\",\"meta_element\":\"div\",\"meta_margin\":\"remove\",\"meta_style\":\"text-meta\",\"panel_link\":true,\"title\":\"von FOSSER Worldwide\",\"title_align\":\"top\",\"title_element\":\"div\",\"title_grid_breakpoint\":\"m\",\"title_grid_width\":\"1-2\",\"title_hover_style\":\"reset\",\"title_style\":\"h6\",\"visibility\":\"s\"}}]},{\"type\":\"column\",\"props\":{\"image_position\":\"center-center\",\"position_sticky_breakpoint\":\"m\",\"vertical_align\":\"middle\",\"width_small\":\"expand\"},\"children\":[{\"type\":\"text\",\"props\":{\"column_breakpoint\":\"m\",\"content\":\"\n\n<p><time datetime=\\\"2019-09-11T11:04:16+00:00\\\">26 Juni 2024<\\\/time><\\\/p>\",\"margin\":\"default\",\"text_align\":\"right\",\"text_align_breakpoint\":\"s\",\"text_align_fallback\":\"left\",\"text_style\":\"meta\",\"visibility\":\"s\"}}]}]},{\"type\":\"row\",\"props\":{\"margin\":\"large\",\"margin_remove_top\":true,\"width\":\"xsmall\"},\"children\":[{\"type\":\"column\",\"props\":{\"image_position\":\"center-center\",\"position_sticky_breakpoint\":\"m\"},\"children\":[{\"type\":\"divider\",\"props\":{\"divider_element\":\"div\",\"margin\":\"small\"}},{\"type\":\"text\",\"props\":{\"column_breakpoint\":\"m\",\"content\":\"\n\n<p>Wir von FOSSER m\\u00f6chten euch spannende Neuigkeiten vom vierten Rennen der ADAC MX Masters Serie 2024 berichten, bei dem das von uns gesponserte RGS Racing Team auf dem legend\\u00e4ren Bielsteiner Waldkurs antrat. Das Wochenende bot alles, was das Motorsportherz begehrt: spannende Rennen, packende Duelle und eine beeindruckende Atmosph\\u00e4re, trotz wechselhaften Wetters am Samstagvormittag. Die Herausforderungen des anspruchsvollen Kurses konnten dem Teamgeist und der Motivation der Fahrer nichts anhaben, und sie zeigten eindrucksvoll, dass sie zu den Besten geh\\u00f6ren.<\\\/p>\\n\n\n<h2><strong>Spannende Rennen und starke Performance: Samuel Flink im MX Masters<\\\/strong><\\\/h2>\\n\n\n<p>Samuel Flink hatte an diesem Wochenende einige H\\u00fcrden zu \\u00fcberwinden. Im Qualifying hatte er Schwierigkeiten, seine perfekte Runde zu finden, was ihm einen Platz im Last-Chance-Rennen (LCQ) einbrachte. Doch Samuel zeigte Kampfgeist und nutzte den hervorragenden Grip seiner Gibson-Reifen, um einen beeindruckenden Holeshot hinzulegen und sich souver\\u00e4n den zweiten Platz zu sichern. In den Hauptrennen zeigte er eine konstante Leistungssteigerung und beendete die Rennen auf den Pl\\u00e4tzen 35, 33 und 35. Ein solides Ergebnis, das zeigt, dass Samuel weiterhin hart arbeitet und entschlossen ist, in den kommenden Rennen noch st\\u00e4rker aufzutreten.<\\\/p>\\n\n\n<h2><strong>Durchwachsenes Wochenende f\\u00fcr Linus Persson im MX Youngster Cup<\\\/strong><\\\/h2>\\n\n\n<p>F\\u00fcr Linus Persson verlief das Wochenende auf dem Bielsteiner Waldkurs nicht wie erhofft. Bereits im Qualifying zeichnete sich ab, dass er Schwierigkeiten hatte, sich mit der Strecke anzufreunden, und er startete von Platz 25 ins Rennen. In den anschlie\\u00dfenden L\\u00e4ufen konnte er sich leider nicht in den Punkter\\u00e4ngen platzieren und belegte die Pl\\u00e4tze 23, 39 und 24. Linus bleibt jedoch zuversichtlich und motiviert, seine Leistung in den n\\u00e4chsten Rennen zu steigern und seine St\\u00e4rken beim n\\u00e4chsten Event in Tensfeld zu zeigen.<\\\/p>\\n\n\n<blockquote class=\\\"uk-margin-large uk-width-4-5@s uk-margin-auto uk-text-center\\\">\\\"Wir sind jedoch zuversichtlich, dass er in Tensfeld seine St\\u00e4rken wieder zeigen wird.\\\"\n\n<footer>Roland Giger, Teamchef<\\\/footer><\\\/blockquote>\\n\n\n<h2>Junior Bal k\\u00e4mpf sich zur\\u00fcck in die Form<\\\/h2>\\n\n\n<p>Junior Bal, der nach einer Verletzung noch mit Trainingsr\\u00fcckstand zu k\\u00e4mpfen hatte, zeigte trotz dieser Herausforderung eine solide Leistung. Mit einem vorsichtigen Start im Qualifying sicherte er sich Startplatz 32. Im ersten Rennen des Wochenendes zeigte Junior eine starke Leistung und belegte Platz 17, was ihm wertvolle Meisterschaftspunkte einbrachte. Die weiteren Rennen am Sonntag verliefen nicht ganz wie erhofft, doch mit den Pl\\u00e4tzen 24 und 23 zeigte er erneut seinen Kampfgeist. Sein Gesamtrang 21 ist ein positiver Einstand, und er hat bereits die Top 10 f\\u00fcr das n\\u00e4chste Rennen in Tensfeld im Visier.<\\\/p>\\n\n\n<h2><strong>Milo Br\\u00e4nnstr\\u00f6m: Ein beeindruckendes Comeback im MX Junior Cup 85<\\\/strong><\\\/h2>\\n\n\n<p>Besonders erfreulich war das Comeback von Milo Br\\u00e4nnstr\\u00f6m im MX Junior Cup 85. Nach einer l\\u00e4ngeren Verletzungspause kehrte er stark zur\\u00fcck und sicherte sich im Qualifying den 15. Platz. Das erste Rennen verlief aufgrund eines schlechten Starts nicht optimal, doch Milo k\\u00e4mpfte sich entschlossen bis auf Platz 26 vor. In den Rennen am Sonntag zeigte er dann, dass er auf dem Weg zur\\u00fcck zu alter St\\u00e4rke ist, und belegte solide 16. Pl\\u00e4tze in beiden L\\u00e4ufen. Besonders stolz sind wir darauf, dass Milo Schweden bei der Junioren MX Weltmeisterschaft vertreten wird \\u2013 ein gro\\u00dfartiger Erfolg f\\u00fcr ihn und das gesamte Team!<\\\/p>\\n\n\n<h2><strong>Dank an alle Beteiligten und Ausblick auf die n\\u00e4chsten Rennen<\\\/strong><\\\/h2>\\n\n\n<p>Wir von FOSSER sind stolz, das RGS Racing Team als Sponsor zu unterst\\u00fctzen. Die engagierte Arbeit des Veranstalters und die fantastische Unterst\\u00fctzung der Fans haben ma\\u00dfgeblich zu diesem erfolgreichen Event beigetragen. Wir freuen uns darauf, die gesammelten Erfahrungen in den kommenden Rennen umzusetzen und das RGS Racing Team weiterhin auf ihrem Weg zu unterst\\u00fctzen.<\\\/p>\\n\n\n<p><\\\/p>\\n\n\n<p>Vielen Dank an alle unsere Partner, Fans und Unterst\\u00fctzer f\\u00fcr ihre kontinuierliche Unterst\\u00fctzung. Gemeinsam blicken wir voller Vorfreude auf die n\\u00e4chsten Herausforderungen und Erfolge!<\\\/p>\",\"margin\":\"medium\"}}]}]}],\"name\":\"Post\"},{\"type\":\"section\",\"props\":{\"image_height\":\"220\",\"image_position\":\"top-right\",\"media_visibility\":\"m\",\"padding\":\"none\",\"padding_remove_bottom\":false,\"style\":\"default\",\"title_breakpoint\":\"xl\",\"title_position\":\"top-left\",\"title_rotation\":\"left\",\"vertical_align\":\"\",\"width\":\"\"},\"children\":[{\"type\":\"row\",\"props\":{\"width\":\"expand\"},\"children\":[{\"type\":\"column\",\"props\":{\"image_effect\":\"parallax\",\"image_height\":\"120\",\"image_parallax_easing\":\"1\",\"image_position\":\"top-right\",\"position_sticky_breakpoint\":\"m\",\"vertical_align\":\"middle\"},\"children\":[{\"type\":\"headline\",\"props\":{\"content\":\"Mehr Artikel\",\"title_element\":\"h2\"}}]}]},{\"type\":\"row\",\"children\":[{\"type\":\"column\",\"props\":{\"image_position\":\"center-center\",\"position_sticky_breakpoint\":\"m\"},\"children\":[{\"type\":\"grid\",\"props\":{\"content_column_breakpoint\":\"m\",\"css\":\"@media ( max-width: 959px) {\\n    .el-element > .uk-grid > div:last-child { display: none; }\\n}\",\"filter_align\":\"left\",\"filter_all\":true,\"filter_grid_breakpoint\":\"m\",\"filter_grid_width\":\"auto\",\"filter_position\":\"top\",\"filter_style\":\"tab\",\"grid_column_gap\":\"collapse\",\"grid_default\":\"1\",\"grid_medium\":\"3\",\"grid_row_gap\":\"collapse\",\"grid_small\":\"2\",\"icon_width\":80,\"image_align\":\"top\",\"image_grid_breakpoint\":\"m\",\"image_grid_width\":\"1-2\",\"image_height\":\"415\",\"image_link\":true,\"image_svg_color\":\"emphasis\",\"image_width\":\"640\",\"item_animation\":true,\"link_style\":\"default\",\"link_text\":\"\",\"margin\":\"default\",\"meta_align\":\"above-title\",\"meta_element\":\"div\",\"meta_style\":\"text-meta\",\"panel_padding\":\"default\",\"parallax_easing\":\"1\",\"show_content\":true,\"show_image\":true,\"show_link\":true,\"show_meta\":true,\"show_title\":true,\"title_align\":\"top\",\"title_element\":\"h3\",\"title_grid_breakpoint\":\"m\",\"title_grid_width\":\"1-2\",\"title_hover_style\":\"heading\",\"title_link\":true},\"children\":[{\"type\":\"grid_item\",\"props\":{\"content\":\"\n\n<p><span>Unsere gesponserten Fahrer, Sven und Stefan Plate, zeigten mit ihren Opel Kadett GTE herausragende Leistungen und stellten ihr fahrerisches K\\u00f6nnen eindrucksvoll unter Beweis.<\\\/span><\\\/p>\",\"image\":\"wp-content\\\/uploads\\\/2024\\\/08\\\/20240819_062829763_iOS-scaled.jpg\",\"item_element\":\"article\",\"link\":\"https:\\\/\\\/fosser.de\\\/das-unternehmen\\\/blog\\\/plate-in-ruethen\\\/\",\"meta\":\"11 August, 2024\",\"title\":\"Erfolgreiches Wochenende f\\u00fcr das Team Plate\"}},{\"type\":\"grid_item\",\"props\":{\"content\":\"\n\n<p><span>Manchmal passiert es einfach, dass zwei zusammenfinden, die perfekt zueinander passen \\u2013 und genau das ist uns mit Kinzel Motorsport gelungen.<\\\/span><\\\/p>\",\"image\":\"wp-content\\\/uploads\\\/2024\\\/09\\\/fosser_fb_post-053.jpg\",\"item_element\":\"article\",\"link\":\"https:\\\/\\\/fosser.de\\\/das-unternehmen\\\/blog\\\/willkommen-kinzel\\\/\",\"meta\":\"22 Juli, 2024\",\"title\":\"Neues Teammitglied bei FOSSER: Willkommen, Kinzel Motorsport!\"}},{\"type\":\"grid_item\",\"props\":{\"content\":\"\n\n<p>RGS Racing Team zeigte beeindruckende Leistung beim dem sechsten Lauf der ADAC MX Masters Serie 2024 in Gaildorf.\\u00a0<\\\/p>\",\"image\":\"wp-content\\\/uploads\\\/2024\\\/08\\\/1P8A1578-scaled.jpg\",\"item_element\":\"article\",\"link\":\"https:\\\/\\\/fosser.de\\\/das-unternehmen\\\/blog\\\/gaildorf\\\/\",\"meta\":\"7 August, 2024\",\"title\":\"ADAC MX Masters 2024 in Gaildorf\"}}]}]}]}],\"name\":\"Latest Posts\"}],\"version\":\"4.3.5\"} --><\/p>\n","protected":false},"excerpt":{"rendered":"<p>ADAC MX Masters 2024 in Bielstein Ein weiteres spannend durchwachsenes Wochenende f\u00fcr das RGS MX Team. By Alex 11 September 2019, 11:09 am von FOSSER Worldwide 26 Juni 2024 Wir von FOSSER m\u00f6chten euch spannende Neuigkeiten vom vierten Rennen der ADAC MX Masters Serie 2024 berichten, bei dem das von uns gesponserte RGS Racing Team auf dem legend\u00e4ren Bielsteiner Waldkurs antrat. Das Wochenende bot alles, was das Motorsportherz begehrt: spannende Rennen, packende Duelle und eine [&hellip;]<\/p>\n","protected":false},"author":10,"featured_media":1832,"parent":7185,"menu_order":1,"comment_status":"closed","ping_status":"closed","template":"","meta":{"_monsterinsights_skip_tracking":false,"_monsterinsights_sitenote_active":false,"_monsterinsights_sitenote_note":"","_monsterinsights_sitenote_category":0,"footnotes":""},"class_list":["post-6659","page","type-page","status-publish","has-post-thumbnail","hentry"],"aioseo_notices":[],"_links":{"self":[{"href":"https:\/\/fosser.de\/ru\/wp-json\/wp\/v2\/pages\/6659","targetHints":{"allow":["GET"]}}],"collection":[{"href":"https:\/\/fosser.de\/ru\/wp-json\/wp\/v2\/pages"}],"about":[{"href":"https:\/\/fosser.de\/ru\/wp-json\/wp\/v2\/types\/page"}],"author":[{"embeddable":true,"href":"https:\/\/fosser.de\/ru\/wp-json\/wp\/v2\/users\/10"}],"replies":[{"embeddable":true,"href":"https:\/\/fosser.de\/ru\/wp-json\/wp\/v2\/comments?post=6659"}],"version-history":[{"count":3,"href":"https:\/\/fosser.de\/ru\/wp-json\/wp\/v2\/pages\/6659\/revisions"}],"predecessor-version":[{"id":8515,"href":"https:\/\/fosser.de\/ru\/wp-json\/wp\/v2\/pages\/6659\/revisions\/8515"}],"up":[{"embeddable":true,"href":"https:\/\/fosser.de\/ru\/wp-json\/wp\/v2\/pages\/7185"}],"wp:featuredmedia":[{"embeddable":true,"href":"https:\/\/fosser.de\/ru\/wp-json\/wp\/v2\/media\/1832"}],"wp:attachment":[{"href":"https:\/\/fosser.de\/ru\/wp-json\/wp\/v2\/media?parent=6659"}],"curies":[{"name":"wp","href":"https:\/\/api.w.org\/{rel}","templated":true}]}}