{"id":4707,"date":"2019-04-06T07:38:49","date_gmt":"2019-04-06T05:38:49","guid":{"rendered":"https:\/\/fosser-single.mediafish.es\/product\/fosser-antifreeze-fa-13-3\/"},"modified":"2026-01-05T02:22:03","modified_gmt":"2026-01-05T01:22:03","slug":"fosser-antifreeze-fa-13","status":"publish","type":"product","link":"https:\/\/fosser.de\/ru\/produkty\/fosser-antifreeze-fa-13\/","title":{"rendered":"FOSSER Antifreeze FA 13"},"content":{"rendered":"\n<div class=\"wp-block-buttons is-layout-flex wp-block-buttons-is-layout-flex\">\n<div class=\"wp-block-button\"><a class=\"wp-block-button__link has-medium-font-size has-custom-font-size wp-element-button\" href=\"https:\/\/carmigo.de\/collections\/frostschutzmittel\/products\/fosser-antifreeze-fa-13\">online kaufen<\/a><\/div>\n<\/div>\n\n\n\n<h2 class=\"wp-block-heading\">Premium-Lobrid-K\u00fchlerschutzmittel violett<\/h2>\n\n\n\n<h3 class=\"wp-block-heading\">Eigenschaften<\/h3>\n\n\n\n<p><strong>FOSSER Antifreeze A 13 &nbsp;<\/strong>ist ein K\u00fchlerschutz auf Basis von Ethylenglykol, frei von potentiell sch\u00e4dlichen Stoffen wie Nitriten, Aminen und Phosphaten. Durch eine optimale Kombination von sehr stabilen Inhibitoren auf Basis der silikatfreien Karboxyls\u00e4ure-Technologie bietet &nbsp;<strong>FOSSER Antifreeze A 13 <\/strong>einen hervorragenden Korrosions- und Kavitationsschutz f\u00fcr l\u00e4ngstm\u00f6gliche K\u00fchlmittellebensdauer. Weitere Zus\u00e4tze verhindern das Sch\u00e4umen der K\u00fchlfl\u00fcssigkeit und verhindern Ablagerungen.<\/p>\n\n\n\n<p><strong>FOSSER Antifreeze A 13 <\/strong>bietet einen ganzj\u00e4hrigen, \u00fcber die gesamte Motorlebensdauer wartungsfreien Frost- und Korrosionsschutz. Das\nK\u00fchlmittel hat keinen negativen Einfluss auf K\u00fchlmittelschl\u00e4uche oder\nZylinderkopfdichtungen.<\/p>\n\n\n\n<h3 class=\"wp-block-heading\">Einsatzhinweise<\/h3>\n\n\n\n<p><strong>FOSSER Antifreeze A 13 <\/strong>vermischt mit der entsprechenden Menge Wasser- wird eingesetzt als K\u00fchl- und W\u00e4rme\u00fcbertragungsfl\u00fcssigkeit in Verbrennungsmotoren, ohne Einschr\u00e4nkung ob Motoren aus Gusseisen, Aluminium oder aus der Kombination von beiden Metallen und in K\u00fchlsystemen aus Aluminium- oder Kupferlegierungen. <br><strong>FOSSER Antifreeze A 13 <\/strong>wird besonders f\u00fcr Leichtmetallmotoren empfohlen, bei denen ein besonderer Aluminiumschutz bei h\u00f6heren Temperaturen verlangt wird. Eine Einsatzkonzentration von 50 Vol.% wird ganzj\u00e4hrig empfohlen. <br><strong>FOSSER Antifreeze A 13 <\/strong>ist mit den meisten\nK\u00fchlmitteln auf Basis von Ethylenglykol mischbar.<\/p>\n\n\n\n<p><strong>Achtung: Herstellervorschriften und Einsatzkonzentration von min. 33 Vol.% beachten.<\/strong><\/p>\n\n\n\n<p><strong>Empfehlung*:<\/strong> VW TL 774 J, Audi, Bentley, Bugatti, Lamborghini, Seat\/ Skoda<\/p>\n\n\n\n<h4 class=\"wp-block-heading\">Mischtabelle<\/h4>\n\n\n\n<figure class=\"wp-block-table\"><table><tbody><tr><td><strong>Frostsicherheit<\/strong><\/td><td><strong>Frostschutzanteil<\/strong><\/td><td><strong>Wasseranteil<\/strong><\/td><\/tr><tr><td>-20\u00b0C<\/td><td>1 Teil<\/td><td>2 Teile<\/td><\/tr><tr><td>-27\u00b0C<\/td><td>1 Teil<\/td><td>1,5 Teile<\/td><\/tr><tr><td>-36\u00b0C<\/td><td>1 Teil<\/td><td>1 Teil<\/td><\/tr><\/tbody><\/table><\/figure>\n\n\n\n<figure class=\"wp-block-table\"><table><tbody><tr><td><strong>TYPISCHE KENNWERTE<\/strong><\/td><td><strong>METHODEN<\/strong><\/td><td><strong>EINHEITEN<\/strong><\/td><td><strong>FOSSER Antifreeze FA 13<\/strong><\/td><\/tr><tr><td>Dichte bei 20\u00b0C<\/td><td>ASTM D 5931<\/td><td>g\/cm3<\/td><td>1,132<\/td><\/tr><tr><td>Reservealkalit\u00e4t (pH 5,5)<\/td><td>ASTM D 1121<\/td><td>ml 0,1 n HCI<\/td><td>5,7<\/td><\/tr><tr><td>Siedepunkt<\/td><td>ASTM D 1120<\/td><td>\u00b0C<\/td><td>&gt;170<\/td><\/tr><tr><td>pH-Wert<\/td><td>ASTM D 1287<\/td><td>&#8212;<\/td><td>8,6<\/td><\/tr><tr><td>Flammpunkt COC<\/td><td>DIN 51 758<\/td><td>\u00b0C<\/td><td>&gt;120<\/td><\/tr><tr><td>Gefrierschutz bei 50 Vol.%<\/td><td>ASTM D 1177<\/td><td>\u00b0C<\/td><td>&#8212; 36<\/td><\/tr><tr><td>Farbe<\/td><td>&#8212;<\/td><td>&#8212;<\/td><td>violett<\/td><\/tr><\/tbody><\/table><\/figure>\n\n\n\n<p class=\"product-hint\">* entspricht den Anforderungen des OEM-Herstellers.<br>Die angegebenen Werte k\u00f6nnen im handels\u00fcblichen Rahmen schwanken.\u00a0\u00a0\u00a0\u00a0\u00a0\u00a0\u00a0\u00a0\u00a0\u00a0\u00a0\u00a0\u00a0\u00a0\u00a0\u00a0\u00a0\u00a0\u00a0\u00a0\u00a0\u00a0\u00a0\u00a0\u00a0\u00a0\u00a0\u00a0\u00a0<\/p>\n","protected":false},"excerpt":{"rendered":"<p><strong>Empfehlung*:<\/strong> VW TL 774 J, Audi, Bentley, Bugatti, Lamborghini, Seat\/ Skoda<\/p>\n","protected":false},"featured_media":1528,"comment_status":"closed","ping_status":"closed","template":"","meta":{"om_disable_all_campaigns":false,"_monsterinsights_skip_tracking":false,"_monsterinsights_sitenote_active":false,"_monsterinsights_sitenote_note":"","_monsterinsights_sitenote_category":0,"_uf_show_specific_survey":0,"_uf_disable_surveys":false},"tags":[],"product-category":[56],"class_list":["post-4707","product","type-product","status-publish","has-post-thumbnail","hentry","product-category-antifrizi"],"aioseo_notices":[],"_links":{"self":[{"href":"https:\/\/fosser.de\/ru\/wp-json\/wp\/v2\/products\/4707","targetHints":{"allow":["GET"]}}],"collection":[{"href":"https:\/\/fosser.de\/ru\/wp-json\/wp\/v2\/products"}],"about":[{"href":"https:\/\/fosser.de\/ru\/wp-json\/wp\/v2\/types\/product"}],"replies":[{"embeddable":true,"href":"https:\/\/fosser.de\/ru\/wp-json\/wp\/v2\/comments?post=4707"}],"wp:featuredmedia":[{"embeddable":true,"href":"https:\/\/fosser.de\/ru\/wp-json\/wp\/v2\/media\/1528"}],"wp:attachment":[{"href":"https:\/\/fosser.de\/ru\/wp-json\/wp\/v2\/media?parent=4707"}],"wp:term":[{"taxonomy":"post_tag","embeddable":true,"href":"https:\/\/fosser.de\/ru\/wp-json\/wp\/v2\/tags?post=4707"},{"taxonomy":"product-category","embeddable":true,"href":"https:\/\/fosser.de\/ru\/wp-json\/wp\/v2\/product-category?post=4707"}],"curies":[{"name":"wp","href":"https:\/\/api.w.org\/{rel}","templated":true}]}}